{"id":11317,"date":"2022-02-28T21:45:07","date_gmt":"2022-02-28T19:45:07","guid":{"rendered":"https:\/\/www.lauftria-hsvmelk.at\/?page_id=11317"},"modified":"2024-02-02T07:25:34","modified_gmt":"2024-02-02T06:25:34","slug":"ergebnisse-2022","status":"publish","type":"page","link":"https:\/\/www.lauftria-hsvmelk.at\/?page_id=11317","title":{"rendered":"Ergebnisse 2022"},"content":{"rendered":"\n<figure class=\"wp-block-table aligncenter is-style-regular\"><table class=\"has-fixed-layout\"><thead><tr><th class=\"has-text-align-left\" data-align=\"left\">DATUM<\/th><th class=\"has-text-align-left\" data-align=\"left\">KATEGORIE<\/th><th class=\"has-text-align-left\" data-align=\"left\">VERANSTALTUNG<\/th><th>ERGEBNISSE<\/th><\/tr><\/thead><tbody><tr><td class=\"has-text-align-left\" data-align=\"left\">27.2.2022<\/td><td class=\"has-text-align-left\" data-align=\"left\">Laglauf<\/td><td class=\"has-text-align-left\" data-align=\"left\"><a href=\"https:\/\/www.12-stunden-baernkopf.at\/\" target=\"_blank\" rel=\"noreferrer noopener\">12 Stunden von B\u00e4rnkopf<\/a><\/td><td><a href=\"https:\/\/events.racetime.pro\/de\/event\/454\/competition\/2554\/results\" target=\"_blank\" rel=\"noreferrer noopener\">Ergebnisse<\/a><\/td><\/tr><tr><td class=\"has-text-align-left\" data-align=\"left\">1.5.2022<\/td><td class=\"has-text-align-left\" data-align=\"left\">Lauf<\/td><td class=\"has-text-align-left\" data-align=\"left\"><a href=\"https:\/\/www.ask-mcdonalds-loosdorf.at\/\" target=\"_blank\" rel=\"noreferrer noopener\">Mailauf Loosdorf<\/a><\/td><td><a href=\"https:\/\/my.raceresult.com\/191308\/\" target=\"_blank\" rel=\"noreferrer noopener\">Ergebnisse<\/a><\/td><\/tr><tr><td class=\"has-text-align-left\" data-align=\"left\">1.5.2022<\/td><td class=\"has-text-align-left\" data-align=\"left\">Duathlon<\/td><td class=\"has-text-align-left\" data-align=\"left\"><a href=\"https:\/\/www.triathlon-austria.at\/de\/eventdbshow-maissauer-24-duathlon-01.05.2022\" target=\"_blank\" rel=\"noreferrer noopener\">Maissauer 2\/4 Duathlon \u00d6STM, \u00d6M, N\u00d6LM<\/a><\/td><td><a href=\"https:\/\/www.fitlike.at\/fitlike\/events\/results_show.php?EventNr=23259\" target=\"_blank\" rel=\"noreferrer noopener\">Ergebn<\/a><a href=\"https:\/\/www.fitlike.at\/fitlike\/events\/results_show.php?EventNr=23259\">isse<\/a><\/td><\/tr><tr><td class=\"has-text-align-left\" data-align=\"left\">14.5.2022<\/td><td class=\"has-text-align-left\" data-align=\"left\">Lauf<\/td><td class=\"has-text-align-left\" data-align=\"left\"><a href=\"https:\/\/lckapelln.at\/\" target=\"_blank\" rel=\"noreferrer noopener\">N\u00d6 Mittelpunktlauf Kappeln<\/a><\/td><td><a href=\"https:\/\/my.raceresult.com\/196064\/results#5_356C1A\" target=\"_blank\" rel=\"noreferrer noopener\">Ergebnisse<\/a><\/td><\/tr><tr><td class=\"has-text-align-left\" data-align=\"left\">29.5.2022<\/td><td class=\"has-text-align-left\" data-align=\"left\">Triathlon<\/td><td class=\"has-text-align-left\" data-align=\"left\"><a href=\"https:\/\/challenge-stpoelten.com\/\" target=\"_blank\" rel=\"noreferrer noopener\">Challenge St.P\u00f6lten<\/a><\/td><td><a href=\"https:\/\/www.pentek-timing.at\/results.html?pnr=14199\" target=\"_blank\" rel=\"noreferrer noopener\">Ergebnisse<\/a><\/td><\/tr><tr><td class=\"has-text-align-left\" data-align=\"left\">9.6.2022<\/td><td class=\"has-text-align-left\" data-align=\"left\">Lauf<\/td><td class=\"has-text-align-left\" data-align=\"left\"><a href=\"https:\/\/www.night-run.at\/\" target=\"_blank\" rel=\"noreferrer noopener\">Nightrun Amstetten<\/a><\/td><td><a href=\"https:\/\/fitlike.at\/fitlike\/events\/results_show.php?EventNr=23790\" target=\"_blank\" rel=\"noreferrer noopener\">Ergebnisse<\/a><\/td><\/tr><tr><td class=\"has-text-align-left\" data-align=\"left\">16.6.2022<\/td><td class=\"has-text-align-left\" data-align=\"left\">Lauf<\/td><td class=\"has-text-align-left\" data-align=\"left\"><a href=\"http:\/\/traisentaler-berglaufcup.at\/lilienfeld\/\" target=\"_blank\" rel=\"noreferrer noopener\">Muckenkogler Berglauf<\/a><\/td><td><a href=\"https:\/\/www.runnersworld.at\/images\/ergebnisse\/2022-06-16ergmuckenkogl.pdf\" target=\"_blank\" rel=\"noreferrer noopener\">Ergebnisse<\/a><\/td><\/tr><tr><td class=\"has-text-align-left\" data-align=\"left\">24.6.2022<\/td><td class=\"has-text-align-left\" data-align=\"left\">Lauf<\/td><td class=\"has-text-align-left\" data-align=\"left\"><a href=\"https:\/\/lcmank.wordpress.com\/\" target=\"_blank\" rel=\"noreferrer noopener\">Stundenlauf Mank<\/a><\/td><td><a href=\"https:\/\/fitlike.at\/fitlike\/events\/results_show_more.php?EventNr=23788&amp;BewerbNr=16110\" target=\"_blank\" rel=\"noreferrer noopener\">Ergebnisse<\/a><\/td><\/tr><tr><td class=\"has-text-align-left\" data-align=\"left\">2.7.2022<\/td><td class=\"has-text-align-left\" data-align=\"left\">Lauf<\/td><td class=\"has-text-align-left\" data-align=\"left\"><a href=\"https:\/\/www.24-stundenlauf.at\/\" target=\"_blank\" rel=\"noreferrer noopener\">24 Stundenlauf Bad Blumau \u00d6M<\/a><\/td><td><a href=\"https:\/\/my.raceresult.com\/184058\/#1_C8F593\" target=\"_blank\" rel=\"noreferrer noopener\">Ergebnisse<\/a><\/td><\/tr><tr><td class=\"has-text-align-left\" data-align=\"left\">10.7.2022<\/td><td class=\"has-text-align-left\" data-align=\"left\">Lauf<\/td><td class=\"has-text-align-left\" data-align=\"left\"><a href=\"https:\/\/st-georgen-ochsenburg.naturfreunde.at\/ueber-uns\/ochsenburger-berglauf\/\" target=\"_blank\" rel=\"noreferrer noopener\">Ochsenburger Berglauf<\/a><\/td><td><a href=\"https:\/\/my.raceresult.com\/189442\/#0_0D6FAD\" target=\"_blank\" rel=\"noreferrer noopener\">Ergebnisse<\/a><\/td><\/tr><tr><td class=\"has-text-align-left\" data-align=\"left\">23.7.2022<\/td><td class=\"has-text-align-left\" data-align=\"left\">Triathlon<\/td><td class=\"has-text-align-left\" data-align=\"left\"><a href=\"https:\/\/mosti-man.at\/\" target=\"_blank\" rel=\"noreferrer noopener\">Mostiman<\/a><\/td><td><a href=\"https:\/\/www.pentek-timing.at\/results\/2022\/14177-08.pdf\" target=\"_blank\" rel=\"noreferrer noopener\">Ergebnisse<\/a><\/td><\/tr><tr><td class=\"has-text-align-left\" data-align=\"left\">13.8.2022<\/td><td class=\"has-text-align-left\" data-align=\"left\">Rad<\/td><td class=\"has-text-align-left\" data-align=\"left\"><a href=\"https:\/\/www.mtb-trophy.at\/\" target=\"_blank\" rel=\"noreferrer noopener\">MTB Hobby Trophy Mank<\/a><\/td><td><a href=\"https:\/\/events.racetime.pro\/de\/event\/527\/results\" target=\"_blank\" rel=\"noreferrer noopener\">Ergebnisse<\/a><\/td><\/tr><tr><td class=\"has-text-align-left\" data-align=\"left\">13.8.2022<\/td><td class=\"has-text-align-left\" data-align=\"left\">Lauf<\/td><td class=\"has-text-align-left\" data-align=\"left\"><a href=\"https:\/\/lcmank.wordpress.com\/voralpentrail\/\" target=\"_blank\" rel=\"noreferrer noopener\">Mostviertler Voralpentrail<\/a><\/td><td><a href=\"https:\/\/events.racetime.pro\/de\/event\/600\/results\" target=\"_blank\" rel=\"noreferrer noopener\">Ergebnisse<\/a><\/td><\/tr><tr><td class=\"has-text-align-left\" data-align=\"left\">15.8.2022<\/td><td class=\"has-text-align-left\" data-align=\"left\">Triathlon<\/td><td class=\"has-text-align-left\" data-align=\"left\"><a href=\"https:\/\/www.bestzeit.at\/auseetriathlon\/\" target=\"_blank\" rel=\"noreferrer noopener\">Ausee Triathlon<\/a><\/td><td><a href=\"https:\/\/www.pentek-timing.at\/results\/2022\/14201-09.pdf\" target=\"_blank\" rel=\"noreferrer noopener\">Ergebnisse<\/a><\/td><\/tr><tr><td class=\"has-text-align-left\" data-align=\"left\">19.8.2022<\/td><td class=\"has-text-align-left\" data-align=\"left\">Lauf<\/td><td class=\"has-text-align-left\" data-align=\"left\"><a href=\"https:\/\/lcu-neustadtl.at\/nightrun.html\" target=\"_blank\" rel=\"noreferrer noopener\">Neustadler Nightrun<\/a><\/td><td><a href=\"https:\/\/www.fitlike.at\/fitlike\/upload\/results\/22\/neustadtl-nightrun\/neustadtl-nightrun-2022-nightrun-5km.pdf\" target=\"_blank\" rel=\"noreferrer noopener\">Ergebnisse<\/a><\/td><\/tr><tr><td class=\"has-text-align-left\" data-align=\"left\">3.9.2022<\/td><td class=\"has-text-align-left\" data-align=\"left\">Lauf<\/td><td class=\"has-text-align-left\" data-align=\"left\"><a href=\"http:\/\/laufclub-neufurth.at\/veranstaltungen\/\" target=\"_blank\" rel=\"noreferrer noopener\">2 Stegelauf Neufurth<\/a><\/td><td><a href=\"https:\/\/www.sportstiming-hinterreiter.at\/wp-content\/uploads\/2021\/09\/NEUF22-1.pdf\" target=\"_blank\" rel=\"noreferrer noopener\">Ergebnisse<\/a><\/td><\/tr><tr><td class=\"has-text-align-left\" data-align=\"left\">17.9.2022<\/td><td class=\"has-text-align-left\" data-align=\"left\">Lauf<\/td><td class=\"has-text-align-left\" data-align=\"left\"><a href=\"https:\/\/lcu-euratsfeld.at\/marktlauf\/\" target=\"_blank\" rel=\"noreferrer noopener\">Euratsfelder Marktlauf<\/a><\/td><td><a href=\"https:\/\/www.fitlike.at\/fitlike\/upload\/results\/22\/euratsfeld-marktlauf\/euratsfeld-marktlauf-2022-hauptlauf-mw.pdf\" target=\"_blank\" rel=\"noreferrer noopener\">Ergebnisse<\/a><\/td><\/tr><tr><td class=\"has-text-align-left\" data-align=\"left\">17.9.2022<\/td><td class=\"has-text-align-left\" data-align=\"left\">Rad<\/td><td class=\"has-text-align-left\" data-align=\"left\"><a href=\"https:\/\/www.kotl.at\/\" target=\"_blank\" rel=\"noreferrer noopener\">King of the Lake Attersee<\/a><\/td><td><a href=\"https:\/\/www.lauftria-hsvmelk.at\/wp-content\/uploads\/2022\/09\/20220917_King_of_the_Lake_EZF_King.pdf\" target=\"_blank\" rel=\"noreferrer noopener\">Ergebnisse<\/a><\/td><\/tr><tr><td class=\"has-text-align-left\" data-align=\"left\">24.9.2022<\/td><td class=\"has-text-align-left\" data-align=\"left\">Lauf<\/td><td class=\"has-text-align-left\" data-align=\"left\"><a href=\"https:\/\/www.bischofstetten.at\/Krumpenlauf_2022_\" target=\"_blank\" rel=\"noreferrer noopener\">Krumpenlauf Bischofstetten<\/a><\/td><td><a href=\"https:\/\/www.fitlike.at\/fitlike\/upload\/results\/22\/bischofstetten-krumpenlauf\/bischofstetten-krumpenlauf-2022-krumpenlauf-mw.pdf\" target=\"_blank\" rel=\"noreferrer noopener\">Ergebnisse<\/a><\/td><\/tr><tr><td class=\"has-text-align-left\" data-align=\"left\">25.9.2022<\/td><td class=\"has-text-align-left\" data-align=\"left\">Lauf<\/td><td class=\"has-text-align-left\" data-align=\"left\"><a href=\"https:\/\/www.wachaumarathon.com\/\" target=\"_blank\" rel=\"noreferrer noopener\">Wachaumarathon<\/a><\/td><td><a href=\"https:\/\/www.pentek-timing.at\/results\/2022\/14107-05.pdf\" target=\"_blank\" rel=\"noreferrer noopener\">Ergebnisse<\/a><\/td><\/tr><tr><td class=\"has-text-align-left\" data-align=\"left\">2.10.2022<\/td><td class=\"has-text-align-left\" data-align=\"left\">Lauf<\/td><td class=\"has-text-align-left\" data-align=\"left\"><a href=\"https:\/\/www.schi-texingtal.com\/walzberglauf\" target=\"_blank\" rel=\"noreferrer noopener\">Walzberglauf<\/a><\/td><td><a href=\"https:\/\/www.lauftria-hsvmelk.at\/wp-content\/uploads\/2022\/10\/Walzberglauf2022_Ergebnisse.pdf\" target=\"_blank\" rel=\"noreferrer noopener\">Ergebnisse<\/a><\/td><\/tr><tr><td class=\"has-text-align-left\" data-align=\"left\">8.10.2022<\/td><td class=\"has-text-align-left\" data-align=\"left\">Lauf<\/td><td class=\"has-text-align-left\" data-align=\"left\"><a href=\"https:\/\/www.union-purgstall.at\/Marktlauf\">Purgstaller Marktlauf<\/a><\/td><td><a href=\"https:\/\/my.raceresult.com\/190723\/#0_0D6FAD\" target=\"_blank\" rel=\"noreferrer noopener\">Ergebnisse<\/a><\/td><\/tr><tr><td class=\"has-text-align-left\" data-align=\"left\">9.10.2022<\/td><td class=\"has-text-align-left\" data-align=\"left\">Triathlon<\/td><td class=\"has-text-align-left\" data-align=\"left\"><a href=\"https:\/\/www.ironman.com\/im703-venice-jesolo\" target=\"_blank\" rel=\"noreferrer noopener\">Ironmen 70.3 Venedig<\/a><\/td><td><a href=\"https:\/\/www.ironman.com\/im703-venice-jesolo-results\" target=\"_blank\" rel=\"noreferrer noopener\">Ergebnisse<\/a><\/td><\/tr><tr><td class=\"has-text-align-left\" data-align=\"left\">15.10.2022<\/td><td class=\"has-text-align-left\" data-align=\"left\">Lauf<\/td><td class=\"has-text-align-left\" data-align=\"left\"><a href=\"https:\/\/ustp-la.sportunion.at\/nv-citylauf\/\" target=\"_blank\" rel=\"noreferrer noopener\">NV Cityrun St.P\u00f6lten<\/a><\/td><td><a href=\"https:\/\/my.raceresult.com\/165513\/#0_E671C5\" target=\"_blank\" rel=\"noreferrer noopener\">Ergebnisse<\/a><\/td><\/tr><tr><td class=\"has-text-align-left\" data-align=\"left\">16.10.2022<\/td><td class=\"has-text-align-left\" data-align=\"left\">Lauf<\/td><td class=\"has-text-align-left\" data-align=\"left\"><a href=\"https:\/\/www.wolfgangseelauf.at\/\" target=\"_blank\" rel=\"noreferrer noopener\">Wolfgangseelauf<\/a><\/td><td><a href=\"https:\/\/balancer.pentek-timing.at\/results.html?pnr=14150\" target=\"_blank\" rel=\"noreferrer noopener\">Ergebnisse<\/a><\/td><\/tr><tr><td class=\"has-text-align-left\" data-align=\"left\">12.11.2022<\/td><td class=\"has-text-align-left\" data-align=\"left\">Lauf<\/td><td class=\"has-text-align-left\" data-align=\"left\"><a href=\"https:\/\/lauftreff-kematen.at\/marktlauf\/\" target=\"_blank\" rel=\"noreferrer noopener\">Marktlauf Kematen<\/a><\/td><td><a href=\"https:\/\/www.fitlike.at\/fitlike\/events\/results_show_more.php?EventNr=23794&amp;BewerbNr=16128\" target=\"_blank\" rel=\"noreferrer noopener\">Ergebnisse<\/a><\/td><\/tr><tr><td class=\"has-text-align-left\" data-align=\"left\">31.12.2022<\/td><td class=\"has-text-align-left\" data-align=\"left\">Lauf<\/td><td class=\"has-text-align-left\" data-align=\"left\"><a href=\"https:\/\/www.kremstriathlon.at\/2289\/Aktuelles\/25763\/41_Silvesterlauf_Krems_2023\" target=\"_blank\" rel=\"noreferrer noopener\">Silvesterlauf Krems<\/a><\/td><td><a href=\"https:\/\/balancer.pentek-timing.at\/results.html?pnr=14302\" target=\"_blank\" rel=\"noreferrer noopener\">Ergebnisse<\/a><\/td><\/tr><\/tbody><\/table><\/figure>\n","protected":false},"excerpt":{"rendered":"<p>DATUM KATEGORIE VERANSTALTUNG ERGEBNISSE 27.2.2022 Laglauf 12 Stunden von B\u00e4rnkopf Ergebnisse 1.5.2022 Lauf Mailauf Loosdorf Ergebnisse 1.5.2022 Duathlon Maissauer 2\/4 Duathlon \u00d6STM, \u00d6M, N\u00d6LM Ergebnisse 14.5.2022 Lauf N\u00d6 Mittelpunktlauf Kappeln Ergebnisse 29.5.2022 Triathlon Challenge St.P\u00f6lten Ergebnisse 9.6.2022 Lauf Nightrun Amstetten Ergebnisse 16.6.2022 Lauf Muckenkogler Berglauf Ergebnisse 24.6.2022 Lauf Stundenlauf Mank Ergebnisse 2.7.2022 Lauf 24 Stundenlauf [&hellip;]<\/p>\n","protected":false},"author":3,"featured_media":0,"parent":708,"menu_order":-3,"comment_status":"closed","ping_status":"closed","template":"","meta":{"footnotes":""},"class_list":["post-11317","page","type-page","status-publish","hentry"],"_links":{"self":[{"href":"https:\/\/www.lauftria-hsvmelk.at\/index.php?rest_route=\/wp\/v2\/pages\/11317","targetHints":{"allow":["GET"]}}],"collection":[{"href":"https:\/\/www.lauftria-hsvmelk.at\/index.php?rest_route=\/wp\/v2\/pages"}],"about":[{"href":"https:\/\/www.lauftria-hsvmelk.at\/index.php?rest_route=\/wp\/v2\/types\/page"}],"author":[{"embeddable":true,"href":"https:\/\/www.lauftria-hsvmelk.at\/index.php?rest_route=\/wp\/v2\/users\/3"}],"replies":[{"embeddable":true,"href":"https:\/\/www.lauftria-hsvmelk.at\/index.php?rest_route=%2Fwp%2Fv2%2Fcomments&post=11317"}],"version-history":[{"count":3,"href":"https:\/\/www.lauftria-hsvmelk.at\/index.php?rest_route=\/wp\/v2\/pages\/11317\/revisions"}],"predecessor-version":[{"id":13689,"href":"https:\/\/www.lauftria-hsvmelk.at\/index.php?rest_route=\/wp\/v2\/pages\/11317\/revisions\/13689"}],"up":[{"embeddable":true,"href":"https:\/\/www.lauftria-hsvmelk.at\/index.php?rest_route=\/wp\/v2\/pages\/708"}],"wp:attachment":[{"href":"https:\/\/www.lauftria-hsvmelk.at\/index.php?rest_route=%2Fwp%2Fv2%2Fmedia&parent=11317"}],"curies":[{"name":"wp","href":"https:\/\/api.w.org\/{rel}","templated":true}]}}