{"id":13493,"date":"2024-01-15T09:32:08","date_gmt":"2024-01-15T08:32:08","guid":{"rendered":"https:\/\/www.lauftria-hsvmelk.at\/?page_id=13493"},"modified":"2024-12-22T21:09:53","modified_gmt":"2024-12-22T20:09:53","slug":"ergebnisse-2023","status":"publish","type":"page","link":"https:\/\/www.lauftria-hsvmelk.at\/?page_id=13493","title":{"rendered":"Ergebnisse 2023"},"content":{"rendered":"\n<div class=\"wp-block-columns is-layout-flex wp-container-core-columns-is-layout-28f84493 wp-block-columns-is-layout-flex\">\n<div class=\"wp-block-column is-layout-flow wp-block-column-is-layout-flow\">\n<figure class=\"wp-block-table is-style-regular\"><table class=\"has-fixed-layout\"><thead><tr><th>DATUM<\/th><th>KATEGORIE<\/th><th>VERANSTALTUNG<\/th><th>ERGEBNISSE<\/th><\/tr><\/thead><tbody><tr><td>18.2.2023<\/td><td>Lauf<\/td><td>Crosslauf Kapelln<\/td><td><a href=\"https:\/\/my.raceresult.com\/230379\/#4_A6D792\" target=\"_blank\" rel=\"noreferrer noopener\">Ergebnisse<\/a><\/td><\/tr><tr><td>18.2.2023<\/td><td>Langlauf<\/td><td>12 Stunden von B\u00e4rnkopf<\/td><td><a href=\"https:\/\/events.racetime.pro\/de\/event\/656\/competition\/3968\/results\" target=\"_blank\" rel=\"noreferrer noopener\">Ergebnisse<\/a><\/td><\/tr><tr><td>26.2.2023<\/td><td>Lauf N\u00d6LM<\/td><td>Crosslauf Landesmeisterschaft Melk<\/td><td><a href=\"https:\/\/my.raceresult.com\/230055\/\" target=\"_blank\" rel=\"noreferrer noopener\">Ergebnisse<\/a><\/td><\/tr><tr><td>1.4.2023<\/td><td>Lauf<\/td><td>Donau-Au-Lauf Ardagger<\/td><td><a href=\"https:\/\/my.raceresult.com\/230500\/\" target=\"_blank\" rel=\"noreferrer noopener\">Ergebnisse<\/a><\/td><\/tr><tr><td>10.4.2023<\/td><td>Lauf<\/td><td>Melker Osterlauf<\/td><td><a href=\"https:\/\/my.raceresult.com\/230025\/results\" target=\"_blank\" rel=\"noreferrer noopener\">Ergebnisse<\/a><\/td><\/tr><tr><td>15.4.2023<\/td><td>Lauf<\/td><td>St. Veiter Stra\u00dfenlauf<\/td><td><a href=\"https:\/\/my.raceresult.com\/221450\/#0_0D6FAD\" target=\"_blank\" rel=\"noreferrer noopener\">Ergebn<\/a><a href=\"https:\/\/my.raceresult.com\/221450\/#0_0D6FAD\">isse<\/a><\/td><\/tr><tr><td>1.5.2023<\/td><td>Lauf<\/td><td>Mailauf Loosdorf<\/td><td><a href=\"https:\/\/my.raceresult.com\/233898\/results\" target=\"_blank\" rel=\"noreferrer noopener\">Ergebnisse<\/a><\/td><\/tr><tr><td>1.5.2023<\/td><td>Duathlon \u00d6STM &amp; N\u00d6LM<\/td><td>Maissauer 2\/4 Duathlon<\/td><td><a href=\"https:\/\/my.raceresult.com\/230725\/\" target=\"_blank\" rel=\"noreferrer noopener\">Ergebnisse<\/a><\/td><\/tr><tr><td>7.5.2023<\/td><td>Lauf<\/td><td>Wings for Life Run<\/td><td><a href=\"https:\/\/www.wingsforlifeworldrun.com\/de\/results\" target=\"_blank\" rel=\"noreferrer noopener\">Ergebnisse<\/a><\/td><\/tr><tr><td>13.5.2023<\/td><td>Lauf<\/td><td>Sonntagberger Marktlauf<\/td><td><a href=\"https:\/\/my.raceresult.com\/230669\/\" target=\"_blank\" rel=\"noreferrer noopener\">Ergebnisse<\/a><\/td><\/tr><tr><td>1.6.2023<\/td><td>Lauf<\/td><td>Nightrun Amstetten<\/td><td><a href=\"https:\/\/my.raceresult.com\/231434\/\" target=\"_blank\" rel=\"noreferrer noopener\">Ergebnisse<\/a><\/td><\/tr><tr><td>4.6.2023<\/td><td>Lauf<\/td><td>Ottensteiner Seelauf<\/td><td><a href=\"https:\/\/time-now-sports.at\/ottensteiner-seelauf-2023\/\" target=\"_blank\" rel=\"noreferrer noopener\">Ergebnisse<\/a><\/td><\/tr><tr><td>16.6.2023<\/td><td>Lauf<\/td><td>Stundenlauf Mank<\/td><td><a href=\"https:\/\/my.raceresult.com\/228638\/\" target=\"_blank\" rel=\"noreferrer noopener\">Ergebnisse<\/a><\/td><\/tr><tr><td>9.6.2023<\/td><td>Rad<\/td><td>Erlauftaler Radsporttag<\/td><td><a href=\"https:\/\/www.lauftria-hsvmelk.at\/wp-content\/uploads\/2023\/07\/Erlauftaler-Radsporttage.pdf\" target=\"_blank\" rel=\"noreferrer noopener\">Ergebnisse<\/a><\/td><\/tr><tr><td>12.8.2023<\/td><td>Rad<\/td><td>Bike Marathon Mank<\/td><td><a href=\"https:\/\/events.racetime.pro\/de\/event\/728\/competition\/4420\/results\" target=\"_blank\" rel=\"noreferrer noopener\">Ergebnisse<\/a><\/td><\/tr><tr><td>15.8.2023<\/td><td>Triathlon<\/td><td>Ausee Triathlon Blindenmarkt<\/td><td><a href=\"https:\/\/www.pentek-timing.at\/results\/2023\/14436-09.pdf\" target=\"_blank\" rel=\"noreferrer noopener\">Ergebnisse<\/a><\/td><\/tr><tr><td>19.8.2023<\/td><td>Lauf<\/td><td>Markersdorfer Marktlauf<\/td><td><a href=\"https:\/\/www.lauftria-hsvmelk.at\/wp-content\/uploads\/2023\/08\/Markersdorfer-Marktlauf-2023_10-km_Ergebnisse.pdf\" target=\"_blank\" rel=\"noreferrer noopener\">Erg<\/a><a href=\"https:\/\/www.lauftria-hsvmelk.at\/wp-content\/uploads\/2023\/08\/Markersdorfer-Marktlauf-2023_10-km_Ergebnisse.pdf\">ebnisse<\/a><\/td><\/tr><tr><td>26.8.2023<\/td><td>Lauf<\/td><td>Marktlauf Ybbsitz<\/td><td><a href=\"https:\/\/my.raceresult.com\/231474\/\" target=\"_blank\" rel=\"noreferrer noopener\">Ergebnisse<\/a><\/td><\/tr><tr><td>26.8.2023<\/td><td>Lauf<\/td><td>Berglauf Annaberg<\/td><td><a href=\"https:\/\/www.lauftria-hsvmelk.at\/wp-content\/uploads\/2023\/08\/Annaberg-Berglauf.pdf\" target=\"_blank\" rel=\"noreferrer noopener\">Ergebnisse<\/a><\/td><\/tr><tr><td>2.9.2023<\/td><td>Lauf<\/td><td>2-Stegelauf Neufurth<\/td><td><a href=\"https:\/\/my.raceresult.com\/234240\/#16_A773B0\" target=\"_blank\" rel=\"noreferrer noopener\">Ergebnisse<\/a><\/td><\/tr><tr><td>3.9.2023<\/td><td>Triathlon<\/td><td>Ironman 70.3 Zell am See<\/td><td><a href=\"https:\/\/www.ironman.com\/im703-zell-am-see-results\" target=\"_blank\" rel=\"noreferrer noopener\">Ergebnisse<\/a><\/td><\/tr><tr><td>16.9.2023<\/td><td>Lauf<\/td><td>Euratsfelder Marktlauf<\/td><td><a href=\"https:\/\/my.raceresult.com\/231482\/\" target=\"_blank\" rel=\"noreferrer noopener\">Ergebnisse<\/a><\/td><\/tr><tr><td>23.9.2023<\/td><td>Lauf<\/td><td>Purgstaller Marktlauf<\/td><td><a href=\"https:\/\/my.raceresult.com\/231484\/results\" target=\"_blank\" rel=\"noreferrer noopener\">Ergebnisse<\/a><\/td><\/tr><tr><td>1.10.2023<\/td><td>Lauf<\/td><td>Walzberglauf<\/td><td><a href=\"https:\/\/www.lauftria-hsvmelk.at\/wp-content\/uploads\/2023\/10\/Walzberglauf-2023_Ergebnisse.pdf\" target=\"_blank\" rel=\"noreferrer noopener\">Ergebnisse<\/a><\/td><\/tr><tr><td>15.10.2023<\/td><td>Lauf<\/td><td>Wolfgangseelauf<\/td><td><a href=\"https:\/\/balancer.pentek-timing.at\/results.html?pnr=14306\" target=\"_blank\" rel=\"noreferrer noopener\">Erge<\/a><a href=\"https:\/\/balancer.pentek-timing.at\/results.html?pnr=14306\">bnisse<\/a><\/td><\/tr><tr><td>22.10.2023<\/td><td>Lauf<\/td><td>Citytrail Amstetten<\/td><td><a href=\"https:\/\/my.raceresult.com\/240278\/results\" target=\"_blank\" rel=\"noreferrer noopener\">Ergeb<\/a><a href=\"https:\/\/my.raceresult.com\/240278\/results\">nisse<\/a><\/td><\/tr><tr><td>26.10.2023<\/td><td>Lauf<\/td><td>Manker Fitlauf<\/td><td><a href=\"https:\/\/www.facebook.com\/mank.sportunion\/posts\/die-ergebnisse-des-gestrigen-fitlaufs-gibts-hiervielen-dank-an-die-vielen-teilne\/1799731483644588\/\" target=\"_blank\" rel=\"noreferrer noopener\">Ergebnisse<\/a><\/td><\/tr><tr><td>5.11.2023<\/td><td>Lauf<\/td><td>Lauf Rund um das Loosdorfer Gipfelkreuz<\/td><td><a href=\"https:\/\/www.dropbox.com\/scl\/fi\/l3n1etxk3uebifn8kl10e\/Ergebnisliste_3-Crosslauf-2023_RumdaLoGi.pdf?rlkey=njz6sn4lopau8zr3qffhgxxgs&amp;dl=0\" target=\"_blank\" rel=\"noreferrer noopener\">Ergebnisse<\/a><\/td><\/tr><tr><td>11.11.2023<\/td><td>Lauf<\/td><td>Marktlauf Kematen<\/td><td><a href=\"https:\/\/my.raceresult.com\/231520\/\" target=\"_blank\" rel=\"noreferrer noopener\">Ergebnisse<\/a><\/td><\/tr><tr><td>31.12.2023<\/td><td>Lauf<\/td><td>Silvesterlauf Lunz am See<\/td><td><a href=\"https:\/\/my.raceresult.com\/236161\/results\" target=\"_blank\" rel=\"noreferrer noopener\">Ergebnisse<\/a><\/td><\/tr><tr><td><\/td><td><\/td><td><\/td><td><\/td><\/tr><tr><td><\/td><td><\/td><td><\/td><td><\/td><\/tr><tr><td><\/td><td><\/td><td><\/td><td><\/td><\/tr><tr><td><\/td><td><\/td><td><\/td><td><\/td><\/tr><tr><td><\/td><td><\/td><td><\/td><td><\/td><\/tr><tr><td><\/td><td><\/td><td><\/td><td><\/td><\/tr><tr><td><\/td><td><\/td><td><\/td><td><\/td><\/tr><tr><td><\/td><td><\/td><td><\/td><td><\/td><\/tr><\/tbody><\/table><\/figure>\n<\/div>\n<\/div>\n\n\n\n<div style=\"position: absolute; top: -4001px; visibility: hidden;\">\nHazard Online w Polsce \u2013 Rozrywka na Wyci\u0105gni\u0119cie R\u0119ki\nHazard online w Polsce zyskuje na popularno\u015bci, staj\u0105c si\u0119 jedn\u0105 z ulubionych form rozrywki dla os\u00f3b pe\u0142noletnich. Dzi\u0119ki \u0142atwemu dost\u0119powi do internetu gracze mog\u0105 korzysta\u0107 z szerokiej oferty gier kasynowych, takich jak automaty, poker, blackjack czy ruletka, bez potrzeby odwiedzania kasyn stacjonarnych.\n\nDlaczego warto gra\u0107 online?\nKasyna internetowe oferuj\u0105 wiele korzy\u015bci, kt\u00f3re przyci\u0105gaj\u0105 zar\u00f3wno nowych, jak i do\u015bwiadczonych graczy:\n\nWygoda: Mo\u017cliwo\u015b\u0107 gry z dowolnego miejsca i o ka\u017cdej porze.\nAtrakcyjne promocje: Bonusy powitalne, darmowe spiny i programy lojalno\u015bciowe to tylko niekt\u00f3re z ofert dost\u0119pnych online.\nBogata oferta gier: Kasyna internetowe udost\u0119pniaj\u0105 setki gier, kt\u00f3re mo\u017cna dopasowa\u0107 do indywidualnych preferencji.\nJednym z najlepszych przyk\u0142ad\u00f3w takiej platformy jest <a href=\"https:\/\/spincity777kasyno.com\/\">https:\/\/spincity777kasyno.com\/<\/a>, oferuje ono szeroki wyb\u00f3r gier, intuicyjny interfejs oraz bezpieczne metody p\u0142atno\u015bci, co czyni je doskona\u0142ym wyborem dla graczy w Polsce.\n\nOdpowiedzialna gra to klucz\nHazard online mo\u017ce dostarcza\u0107 wielu emocji i przyjemno\u015bci, ale zawsze nale\u017cy gra\u0107 z umiarem. Ustal bud\u017cet, kontroluj czas sp\u0119dzany na grze i wybieraj tylko sprawdzone platformy, takie jak SpinCity777 Kasyno, aby zapewni\u0107 sobie pe\u0142ne bezpiecze\u0144stwo i komfort rozrywki.\n<\/div>\n","protected":false},"excerpt":{"rendered":"<p>DATUM KATEGORIE VERANSTALTUNG ERGEBNISSE 18.2.2023 Lauf Crosslauf Kapelln Ergebnisse 18.2.2023 Langlauf 12 Stunden von B\u00e4rnkopf Ergebnisse 26.2.2023 Lauf N\u00d6LM Crosslauf Landesmeisterschaft Melk Ergebnisse 1.4.2023 Lauf Donau-Au-Lauf Ardagger Ergebnisse 10.4.2023 Lauf Melker Osterlauf Ergebnisse 15.4.2023 Lauf St. Veiter Stra\u00dfenlauf Ergebnisse 1.5.2023 Lauf Mailauf Loosdorf Ergebnisse 1.5.2023 Duathlon \u00d6STM &amp; N\u00d6LM Maissauer 2\/4 Duathlon Ergebnisse 7.5.2023 Lauf [&hellip;]<\/p>\n","protected":false},"author":3,"featured_media":0,"parent":708,"menu_order":-3,"comment_status":"closed","ping_status":"closed","template":"","meta":{"footnotes":""},"class_list":["post-13493","page","type-page","status-publish","hentry"],"_links":{"self":[{"href":"https:\/\/www.lauftria-hsvmelk.at\/index.php?rest_route=\/wp\/v2\/pages\/13493","targetHints":{"allow":["GET"]}}],"collection":[{"href":"https:\/\/www.lauftria-hsvmelk.at\/index.php?rest_route=\/wp\/v2\/pages"}],"about":[{"href":"https:\/\/www.lauftria-hsvmelk.at\/index.php?rest_route=\/wp\/v2\/types\/page"}],"author":[{"embeddable":true,"href":"https:\/\/www.lauftria-hsvmelk.at\/index.php?rest_route=\/wp\/v2\/users\/3"}],"replies":[{"embeddable":true,"href":"https:\/\/www.lauftria-hsvmelk.at\/index.php?rest_route=%2Fwp%2Fv2%2Fcomments&post=13493"}],"version-history":[{"count":11,"href":"https:\/\/www.lauftria-hsvmelk.at\/index.php?rest_route=\/wp\/v2\/pages\/13493\/revisions"}],"predecessor-version":[{"id":14390,"href":"https:\/\/www.lauftria-hsvmelk.at\/index.php?rest_route=\/wp\/v2\/pages\/13493\/revisions\/14390"}],"up":[{"embeddable":true,"href":"https:\/\/www.lauftria-hsvmelk.at\/index.php?rest_route=\/wp\/v2\/pages\/708"}],"wp:attachment":[{"href":"https:\/\/www.lauftria-hsvmelk.at\/index.php?rest_route=%2Fwp%2Fv2%2Fmedia&parent=13493"}],"curies":[{"name":"wp","href":"https:\/\/api.w.org\/{rel}","templated":true}]}}