{"id":13494,"date":"2024-01-15T09:32:37","date_gmt":"2024-01-15T08:32:37","guid":{"rendered":"https:\/\/www.lauftria-hsvmelk.at\/?page_id=13494"},"modified":"2024-11-12T10:05:26","modified_gmt":"2024-11-12T09:05:26","slug":"ergebnisse-2024","status":"publish","type":"page","link":"https:\/\/www.lauftria-hsvmelk.at\/?page_id=13494","title":{"rendered":"Ergebnisse 2024"},"content":{"rendered":"\n<div class=\"wp-block-columns is-layout-flex wp-container-core-columns-is-layout-28f84493 wp-block-columns-is-layout-flex\">\n<div class=\"wp-block-column is-layout-flow wp-block-column-is-layout-flow\">\n<figure class=\"wp-block-table aligncenter is-style-regular\"><table class=\"has-fixed-layout\"><thead><tr><th class=\"has-text-align-left\" data-align=\"left\">DATUM<\/th><th class=\"has-text-align-left\" data-align=\"left\">KATEGORIE<\/th><th class=\"has-text-align-left\" data-align=\"left\">VERANSTALTUNG<\/th><th>ERGEBNISSE<\/th><\/tr><\/thead><tbody><tr><td class=\"has-text-align-left\" data-align=\"left\">13.4.2024<\/td><td class=\"has-text-align-left\" data-align=\"left\">Lauf inkl. N\u00d6LM<\/td><td class=\"has-text-align-left\" data-align=\"left\">St. Veiter Stra\u00dfenlauf<\/td><td><a href=\"https:\/\/my.raceresult.com\/267322\/#0_0D6FAD\" target=\"_blank\" rel=\"noreferrer noopener\">Ergebnisse<\/a><\/td><\/tr><tr><td class=\"has-text-align-left\" data-align=\"left\">21.4.2024<\/td><td class=\"has-text-align-left\" data-align=\"left\">Lauf<\/td><td class=\"has-text-align-left\" data-align=\"left\">Vienna City Marathon<\/td><td><a href=\"https:\/\/vienna.r.mikatiming.de\/2024\/\" target=\"_blank\" rel=\"noreferrer noopener\">Ergebnisse<\/a><\/td><\/tr><tr><td class=\"has-text-align-left\" data-align=\"left\">28.4.2024<\/td><td class=\"has-text-align-left\" data-align=\"left\">Lauf<\/td><td class=\"has-text-align-left\" data-align=\"left\">Donaulauf Furth-G\u00f6ttweig<\/td><td><a href=\"https:\/\/donaulauf-furth.at\/resultate\" target=\"_blank\" rel=\"noreferrer noopener\">Ergebnisse<\/a><\/td><\/tr><tr><td class=\"has-text-align-left\" data-align=\"left\">28.4.2024<\/td><td class=\"has-text-align-left\" data-align=\"left\">MTB<\/td><td class=\"has-text-align-left\" data-align=\"left\">MTB Marathon St. Veit an der G\u00f6lsen<\/td><td><a href=\"https:\/\/my.raceresult.com\/274046\/\" target=\"_blank\" rel=\"noreferrer noopener\">Ergebnisse<\/a><\/td><\/tr><tr><td class=\"has-text-align-left\" data-align=\"left\">1.5.2024<\/td><td class=\"has-text-align-left\" data-align=\"left\">Lauf<\/td><td class=\"has-text-align-left\" data-align=\"left\">Mailauf Loosdorf<\/td><td><a href=\"https:\/\/my.raceresult.com\/277889\/\" target=\"_blank\" rel=\"noreferrer noopener\">Ergebnisse<\/a><\/td><\/tr><tr><td class=\"has-text-align-left\" data-align=\"left\">18.5.2024<\/td><td class=\"has-text-align-left\" data-align=\"left\">Lauf<\/td><td class=\"has-text-align-left\" data-align=\"left\">Stadtlauf Ybbs<\/td><td><a href=\"https:\/\/my.raceresult.com\/284053\/results\" target=\"_blank\" rel=\"noreferrer noopener\">Ergebnisse<\/a><\/td><\/tr><tr><td class=\"has-text-align-left\" data-align=\"left\">24.5.2024<\/td><td class=\"has-text-align-left\" data-align=\"left\">Lauf<\/td><td class=\"has-text-align-left\" data-align=\"left\">Nightrun Amstetten<\/td><td><a href=\"https:\/\/my.raceresult.com\/274051\/\" target=\"_blank\" rel=\"noreferrer noopener\">Ergebnisse<\/a><\/td><\/tr><tr><td class=\"has-text-align-left\" data-align=\"left\">25.5.2024<\/td><td class=\"has-text-align-left\" data-align=\"left\">Rad\/MTB<\/td><td class=\"has-text-align-left\" data-align=\"left\">Radrennen Blassenstein<\/td><td><a href=\"https:\/\/view.officeapps.live.com\/op\/view.aspx?src=https%3A%2F%2Fwww.oeamtc-zv-scheibbs.at%2Fwp-content%2Fuploads%2F2024%2F05%2FErgebnisse-Gesamt-2024.xlsx&amp;wdOrigin=BROWSELINK\" target=\"_blank\" rel=\"noreferrer noopener\">Ergebnisse<\/a><\/td><\/tr><tr><td class=\"has-text-align-left\" data-align=\"left\">21.6.2024<\/td><td class=\"has-text-align-left\" data-align=\"left\">Lauf<\/td><td class=\"has-text-align-left\" data-align=\"left\">Stundenlauf Mank<\/td><td><a href=\"https:\/\/my.raceresult.com\/274060\/\" target=\"_blank\" rel=\"noreferrer noopener\">Ergebnisse<\/a><\/td><\/tr><tr><td class=\"has-text-align-left\" data-align=\"left\">7.7.2024<\/td><td class=\"has-text-align-left\" data-align=\"left\">Lauf inkl. \u00d6STM<\/td><td class=\"has-text-align-left\" data-align=\"left\">24h Bad Blumau<\/td><td><a href=\"https:\/\/my.raceresult.com\/264624\/results\" target=\"_blank\" rel=\"noreferrer noopener\">Ergebnisse<\/a><\/td><\/tr><tr><td class=\"has-text-align-left\" data-align=\"left\">10.8.2024<\/td><td class=\"has-text-align-left\" data-align=\"left\">MTB<\/td><td class=\"has-text-align-left\" data-align=\"left\">MTB Rennen Mank<\/td><td><a href=\"https:\/\/events.racetime.pro\/de\/event\/1006\/competition\/6338\/results\" target=\"_blank\" rel=\"noreferrer noopener\">Ergebnisse<\/a><\/td><\/tr><tr><td class=\"has-text-align-left\" data-align=\"left\">10.8.2021<\/td><td class=\"has-text-align-left\" data-align=\"left\">Lauf<\/td><td class=\"has-text-align-left\" data-align=\"left\">Voralpentrail Mank<\/td><td><a href=\"https:\/\/events.racetime.pro\/de\/event\/1006\/results\" target=\"_blank\" rel=\"noreferrer noopener\">Ergebnisse<\/a><\/td><\/tr><tr><td class=\"has-text-align-left\" data-align=\"left\">31.8.2024<\/td><td class=\"has-text-align-left\" data-align=\"left\">Lauf<\/td><td class=\"has-text-align-left\" data-align=\"left\">2-Stegelauf Neufurth<\/td><td><a href=\"https:\/\/my.raceresult.com\/276249\/#0_C1A305\" target=\"_blank\" rel=\"noreferrer noopener\">Ergebnisse<\/a><\/td><\/tr><tr><td class=\"has-text-align-left\" data-align=\"left\">1.9.2024<\/td><td class=\"has-text-align-left\" data-align=\"left\">Rad<\/td><td class=\"has-text-align-left\" data-align=\"left\">\u00d6tztaler Radmarathon<\/td><td><a href=\"https:\/\/www.datasport.com\/live\/ranking\/?racenr=26423\" target=\"_blank\" rel=\"noreferrer noopener\">Ergebnisse<\/a><\/td><\/tr><tr><td class=\"has-text-align-left\" data-align=\"left\">9.11.2024<\/td><td class=\"has-text-align-left\" data-align=\"left\">Lauf<\/td><td class=\"has-text-align-left\" data-align=\"left\">Marktlauf Kematen<\/td><td><a href=\"https:\/\/my.raceresult.com\/274088\/\" target=\"_blank\" rel=\"noreferrer noopener\">Ergebnisse<\/a><\/td><\/tr><\/tbody><\/table><\/figure>\n<\/div>\n<\/div>\n","protected":false},"excerpt":{"rendered":"<p>DATUM KATEGORIE VERANSTALTUNG ERGEBNISSE 13.4.2024 Lauf inkl. N\u00d6LM St. Veiter Stra\u00dfenlauf Ergebnisse 21.4.2024 Lauf Vienna City Marathon Ergebnisse 28.4.2024 Lauf Donaulauf Furth-G\u00f6ttweig Ergebnisse 28.4.2024 MTB MTB Marathon St. Veit an der G\u00f6lsen Ergebnisse 1.5.2024 Lauf Mailauf Loosdorf Ergebnisse 18.5.2024 Lauf Stadtlauf Ybbs Ergebnisse 24.5.2024 Lauf Nightrun Amstetten Ergebnisse 25.5.2024 Rad\/MTB Radrennen Blassenstein Ergebnisse 21.6.2024 Lauf [&hellip;]<\/p>\n","protected":false},"author":3,"featured_media":0,"parent":708,"menu_order":-3,"comment_status":"closed","ping_status":"closed","template":"","meta":{"footnotes":""},"class_list":["post-13494","page","type-page","status-publish","hentry"],"_links":{"self":[{"href":"https:\/\/www.lauftria-hsvmelk.at\/index.php?rest_route=\/wp\/v2\/pages\/13494","targetHints":{"allow":["GET"]}}],"collection":[{"href":"https:\/\/www.lauftria-hsvmelk.at\/index.php?rest_route=\/wp\/v2\/pages"}],"about":[{"href":"https:\/\/www.lauftria-hsvmelk.at\/index.php?rest_route=\/wp\/v2\/types\/page"}],"author":[{"embeddable":true,"href":"https:\/\/www.lauftria-hsvmelk.at\/index.php?rest_route=\/wp\/v2\/users\/3"}],"replies":[{"embeddable":true,"href":"https:\/\/www.lauftria-hsvmelk.at\/index.php?rest_route=%2Fwp%2Fv2%2Fcomments&post=13494"}],"version-history":[{"count":15,"href":"https:\/\/www.lauftria-hsvmelk.at\/index.php?rest_route=\/wp\/v2\/pages\/13494\/revisions"}],"predecessor-version":[{"id":14337,"href":"https:\/\/www.lauftria-hsvmelk.at\/index.php?rest_route=\/wp\/v2\/pages\/13494\/revisions\/14337"}],"up":[{"embeddable":true,"href":"https:\/\/www.lauftria-hsvmelk.at\/index.php?rest_route=\/wp\/v2\/pages\/708"}],"wp:attachment":[{"href":"https:\/\/www.lauftria-hsvmelk.at\/index.php?rest_route=%2Fwp%2Fv2%2Fmedia&parent=13494"}],"curies":[{"name":"wp","href":"https:\/\/api.w.org\/{rel}","templated":true}]}}